{"id":2,"date":"2016-04-05T11:13:31","date_gmt":"2016-04-05T10:13:31","guid":{"rendered":"https:\/\/libreduc.cc\/blog\/blockly\/?page_id=2"},"modified":"2018-07-09T22:48:42","modified_gmt":"2018-07-09T21:48:42","slug":"page-d-exemple","status":"publish","type":"page","link":"https:\/\/libreduc.cc\/blog\/blockly\/page-d-exemple\/","title":{"rendered":"Blockly brairie des possibles&#8230;"},"content":{"rendered":"<h1 style=\"text-align: center;\">Thymio II<\/h1>\n<p><img loading=\"lazy\" decoding=\"async\" class=\"aligncenter\" src=\"https:\/\/aseba.wdfiles.com\/local--files\/en:thymio\/thymio-ko.png\" width=\"192\" height=\"144\" \/><\/p>\n<ul>\n<li>int\u00e9gr\u00e9 au logiciel Aseba depuis la version 1.5 : <a href=\"https:\/\/www.thymio.org\/fr:blocklyprogramming\">https:\/\/www.thymio.org\/fr:blocklyprogramming<\/a><\/li>\n<\/ul>\n<p><img loading=\"lazy\" decoding=\"async\" class=\"aligncenter\" src=\"https:\/\/aseba.wdfiles.com\/local--files\/en:blocklyprogramming\/blockly_first_example.png\" width=\"497\" height=\"312\" \/><\/p>\n<ul>\n<li>Blockly4Thymio d\u00e9velopp\u00e9 par Okimi, mais avec une approche diff\u00e9rente de celle d&rsquo;Aseba : <a href=\"http:\/\/www.blockly4thymio.net\/\">http:\/\/www.blockly4thymio.net\/<\/a><\/li>\n<\/ul>\n<p><img loading=\"lazy\" decoding=\"async\" class=\"aligncenter\" src=\"http:\/\/www.blockly4thymio.net\/files\/blockly4thymio\/exemple-de-blocs-02.png\" width=\"453\" height=\"259\" \/><\/p>\n<h1 style=\"text-align: center;\"><strong>Arduino\/Genuino<\/strong><\/h1>\n<p><img loading=\"lazy\" decoding=\"async\" class=\"aligncenter\" src=\"https:\/\/store-cdn.arduino.cc\/uni\/catalog\/product\/cache\/1\/image\/500x375\/f8876a31b63532bbba4e781c30024a0a\/a\/0\/a000066_iso_3.jpg\" alt=\"\" width=\"256\" height=\"192\" \/><\/p>\n<ul>\n<li>Ardublockly : <a href=\"http:\/\/ardublockly.embeddedlog.com\/\">http:\/\/ardublockly.embeddedlog.com\/<\/a><\/li>\n<\/ul>\n<p style=\"padding-left: 60px;\">Excellente version tr\u00e8s compl\u00e8te, responsive design, serveur de t\u00e9l\u00e9versement, etc.<\/p>\n<p style=\"padding-left: 60px;\"><img loading=\"lazy\" decoding=\"async\" class=\"wp-image-55 aligncenter\" src=\"https:\/\/libreduc.cc\/blog\/blockly\/wp-content\/uploads\/2016\/04\/ardublockly.jpg\" alt=\"ardublockly\" width=\"575\" height=\"316\" \/><\/p>\n<ul>\n<li>Blockly@rduino : <a href=\"http:\/\/blocklyarduino.technologiescollege.fr\/\">http:\/\/blocklyarduino.technologiescollege.fr\/<\/a><\/li>\n<\/ul>\n<p style=\"padding-left: 60px;\">Excellente version tr\u00e8s compl\u00e8te, r\u00e9guli\u00e8rement mise \u00e0 jour, en collaboration avec Ardublockly &amp; BlocklyDuino, serveurs de t\u00e9l\u00e9versement &amp; de supervision, nombreux blocs, etc.<\/p>\n<p style=\"padding-left: 60px;\"><img loading=\"lazy\" decoding=\"async\" class=\"size-full wp-image-68 aligncenter\" src=\"https:\/\/libreduc.cc\/blog\/blockly\/wp-content\/uploads\/2016\/04\/blockly@rduino.jpg\" alt=\"blockly@rduino\" width=\"568\" height=\"330\" \/><\/p>\n<h1 style=\"text-align: center;\">Mod\u00e9lisation 3D<\/h1>\n<ul>\n<li>BlocksCAD : <a href=\"https:\/\/www.blockscad3d.com\/editor\/?lang=fr\">https:\/\/www.blockscad3d.com\/editor\/?lang=fr<\/a><\/li>\n<\/ul>\n<p style=\"padding-left: 60px;\">Utilise Blockly pour g\u00e9n\u00e9rer le code OpenSCAD \u00e0 l&rsquo;origine du mod\u00e8le 3D param\u00e9trique que vous allez cr\u00e9er, mais surtout exporter en STL pour imprimante 3D.<\/p>\n<p style=\"padding-left: 60px;\">\u00a0<img loading=\"lazy\" decoding=\"async\" class=\"size-large wp-image-70 aligncenter\" src=\"https:\/\/libreduc.cc\/blog\/blockly\/wp-content\/uploads\/2016\/04\/blockscad-1024x529.jpg\" alt=\"blockscad\" width=\"605\" height=\"313\" \/><\/p>\n<h1 style=\"padding-left: 60px; text-align: center;\">Application Android<\/h1>\n<ul>\n<li>MIT App Inventor : <a href=\"http:\/\/appinventor.mit.edu\">http:\/\/appinventor.mit.edu<\/a><\/li>\n<\/ul>\n<p style=\"padding-left: 60px;\">Evidemment voici le projet \u00e0 l&rsquo;origine de l&rsquo;initiative Blockly : vous programmez votre application, le serveur la compile et vous permet de l&rsquo;installer sur n&rsquo;importe quelle plateforme Android. Toutefois <strong>le site n\u00e9cessite un compte GMail<\/strong>.<\/p>\n<p style=\"padding-left: 60px;\"><img loading=\"lazy\" decoding=\"async\" class=\"size-large wp-image-71 aligncenter\" src=\"https:\/\/libreduc.cc\/blog\/blockly\/wp-content\/uploads\/2016\/04\/appinventor2-1024x469.jpg\" alt=\"appinventor2\" width=\"605\" height=\"277\" \/><\/p>\n<ul>\n<li>AI2U : <a href=\"https:\/\/sourceforge.net\/projects\/ai2u\/\">https:\/\/sourceforge.net\/projects\/ai2u\/<\/a><\/li>\n<\/ul>\n<p style=\"padding-left: 60px;\">Bas\u00e9e sur le code source de AppInventor, cette version est <strong>portable, sans besoin d&rsquo;un compte<\/strong>, vous g\u00e9rez tout en local.<\/p>\n<p style=\"padding-left: 60px;\"><img loading=\"lazy\" decoding=\"async\" class=\"size-large wp-image-72 aligncenter\" src=\"https:\/\/libreduc.cc\/blog\/blockly\/wp-content\/uploads\/2016\/04\/ai2u-1024x562.jpg\" alt=\"ai2u\" width=\"605\" height=\"332\" \/><\/p>\n","protected":false},"excerpt":{"rendered":"<p>Thymio II int\u00e9gr\u00e9 au logiciel Aseba depuis la version 1.5 : https:\/\/www.thymio.org\/fr:blocklyprogramming Blockly4Thymio d\u00e9velopp\u00e9 par Okimi, mais avec une approche diff\u00e9rente de celle d&rsquo;Aseba : http:\/\/www.blockly4thymio.net\/ Arduino\/Genuino Ardublockly : http:\/\/ardublockly.embeddedlog.com\/ Excellente version tr\u00e8s compl\u00e8te, responsive design, serveur de t\u00e9l\u00e9versement, etc. &hellip;<\/p>\n<p class=\"read-more\"> <a class=\"more-link\" href=\"https:\/\/libreduc.cc\/blog\/blockly\/page-d-exemple\/\"> <span class=\"screen-reader-text\">Blockly brairie des possibles&#8230;<\/span> Read More &raquo;<\/a><\/p>\n","protected":false},"author":1,"featured_media":0,"parent":0,"menu_order":1,"comment_status":"closed","ping_status":"open","template":"","meta":{"inline_featured_image":false,"footnotes":""},"class_list":["post-2","page","type-page","status-publish","hentry"],"_links":{"self":[{"href":"https:\/\/libreduc.cc\/blog\/blockly\/wp-json\/wp\/v2\/pages\/2","targetHints":{"allow":["GET"]}}],"collection":[{"href":"https:\/\/libreduc.cc\/blog\/blockly\/wp-json\/wp\/v2\/pages"}],"about":[{"href":"https:\/\/libreduc.cc\/blog\/blockly\/wp-json\/wp\/v2\/types\/page"}],"author":[{"embeddable":true,"href":"https:\/\/libreduc.cc\/blog\/blockly\/wp-json\/wp\/v2\/users\/1"}],"replies":[{"embeddable":true,"href":"https:\/\/libreduc.cc\/blog\/blockly\/wp-json\/wp\/v2\/comments?post=2"}],"version-history":[{"count":10,"href":"https:\/\/libreduc.cc\/blog\/blockly\/wp-json\/wp\/v2\/pages\/2\/revisions"}],"predecessor-version":[{"id":228,"href":"https:\/\/libreduc.cc\/blog\/blockly\/wp-json\/wp\/v2\/pages\/2\/revisions\/228"}],"wp:attachment":[{"href":"https:\/\/libreduc.cc\/blog\/blockly\/wp-json\/wp\/v2\/media?parent=2"}],"curies":[{"name":"wp","href":"https:\/\/api.w.org\/{rel}","templated":true}]}}